{"id":85,"date":"2026-02-28T19:46:51","date_gmt":"2026-02-28T18:46:51","guid":{"rendered":"https:\/\/drpedrocoelho.ewards.makesyoursite.com\/?page_id=85"},"modified":"2026-03-24T09:24:57","modified_gmt":"2026-03-24T09:24:57","slug":"politica-privacidade","status":"publish","type":"page","link":"https:\/\/drpedrocoelho.ewards.makesyoursite.com\/en\/politica-privacidade\/","title":{"rendered":"Pol\u00edtica de privacidade"},"content":{"rendered":"<div data-elementor-type=\"wp-page\" data-elementor-id=\"85\" class=\"elementor elementor-85\" data-elementor-post-type=\"page\">\n\t\t\t\t<div class=\"elementor-element elementor-element-945048c e-flex e-con-boxed e-con e-parent\" data-id=\"945048c\" data-element_type=\"container\" data-e-type=\"container\" data-settings=\"{&quot;background_background&quot;:&quot;classic&quot;}\">\n\t\t\t\t\t<div class=\"e-con-inner\">\n\t\t\t\t<div class=\"elementor-element elementor-element-0276545 elementor-widget elementor-widget-heading\" data-id=\"0276545\" data-element_type=\"widget\" data-e-type=\"widget\" data-widget_type=\"heading.default\">\n\t\t\t\t\t<h1 class=\"elementor-heading-title elementor-size-default\">Pol\u00edtica de privacidade<\/h1>\t\t\t\t<\/div>\n\t\t\t\t\t<\/div>\n\t\t\t\t<\/div>\n\t\t<div class=\"elementor-element elementor-element-294a548 e-flex e-con-boxed e-con e-parent\" data-id=\"294a548\" data-element_type=\"container\" data-e-type=\"container\">\n\t\t\t\t\t<div class=\"e-con-inner\">\n\t\t\t\t<div class=\"elementor-element elementor-element-7b086b2 elementor-widget elementor-widget-text-editor\" data-id=\"7b086b2\" data-element_type=\"widget\" data-e-type=\"widget\" data-widget_type=\"text-editor.default\">\n\t\t\t\t\t\t\t\t\t<p><strong>Designa\u00e7\u00e3o:<\/strong> PEDRO COELHO SERVI\u00c7OS M\u00c9DICO- DENT\u00c1RIOS, LDA<\/p><p><strong>N\u00ba REGISTO DO ESTABELECIMENTO:<\/strong> E122937<\/p><h2>\u00a0<\/h2><h2>Pol\u00edtica de privacidade<\/h2><h3>1. Introdu\u00e7\u00e3o<\/h3><p>Pedro Coelho Servi\u00e7os M\u00e9dico Dent\u00e1rios Lda., no \u00e2mbito da sua atividade dever\u00e1 ter sempre presente as disposi\u00e7\u00f5es legais em vigor em territ\u00f3rio Portugu\u00eas, nas quais assenta a Pol\u00edtica de Prote\u00e7\u00e3o de Dados. A Pol\u00edtica de Prote\u00e7\u00e3o de Dados regula e monitoriza a utiliza\u00e7\u00e3o de informa\u00e7\u00e3o pelos processos de neg\u00f3cio, internos e em outsourcing, de Pedro Coelho Servi\u00e7os M\u00e9dico Dent\u00e1rios Lda.. A Pol\u00edtica de Prote\u00e7\u00e3o de Dados n\u00e3o tem um car\u00e1cter de confidencialidade, mas baseia-se numa l\u00f3gica de exig\u00eancia de dar a conhecer, no que respeita \u00e0 utiliza\u00e7\u00e3o interna e externa de dados, sempre em conson\u00e2ncia com as disposi\u00e7\u00f5es legais aplic\u00e1veis. \u00c9 neste contexto que a Pedro Coelho Servi\u00e7os M\u00e9dico Dent\u00e1rios Lda., est\u00e1 empenhada em proteger os seus dados pessoais, comprometendo-se a respeitar as regras do Regulamento Geral sobre a Prote\u00e7\u00e3o de Dados (Regulamento (UE) 2016\/679 do Parlamento Europeu e do Conselho de 27 de abril de 2016) e elaborou a sua Pol\u00edtica de Prote\u00e7\u00e3o de Dados aplic\u00e1vel a todos quantos colaboram com a Pedro Coelho Servi\u00e7os M\u00e9dico Dent\u00e1rios Lda..<\/p><h3>2. Objetivo<\/h3><p>O objetivo desta Pol\u00edtica \u00e9 garantir o nosso compromisso e respeito para com as regras de privacidade e de prote\u00e7\u00e3o de dados pessoais, nomeadamente que: \u2022 Esteja de acordo com as disposi\u00e7\u00f5es legais aplic\u00e1veis sobre prote\u00e7\u00e3o de dados; \u2022 Esteja de acordo com as necessidades dos clientes, subcontratantes e colaboradores; \u2022 Permita realizar os processos de neg\u00f3cio de forma eficaz; \u2022 Permita \u00e0 Pedro Coelho Servi\u00e7os M\u00e9dico Dent\u00e1rios Lda., manter uma imagem externa positiva no mercado.<\/p><h3>3. Regras e procedimentos<\/h3><p>Todos os colaboradores de Pedro Coelho Servi\u00e7os M\u00e9dico Dent\u00e1rios Lda., que utilizem dados pessoais s\u00e3o individualmente respons\u00e1veis pelo cumprimento das disposi\u00e7\u00f5es legais e regulamentares aplic\u00e1veis. Al\u00e9m de estarem obrigados ao cumprimento das regras e procedimentos relativos \u00e0 Pol\u00edtica de Prote\u00e7\u00e3o de Dados, t\u00eam ainda a incumb\u00eancia de implementar estruturas e garantir recursos adequados ao bom funcionamento da Pol\u00edtica de Prote\u00e7\u00e3o de Dados. T\u00eam tamb\u00e9m a obriga\u00e7\u00e3o de garantir a confidencialidade dos dados como parte indissoci\u00e1vel das suas fun\u00e7\u00f5es previstas no contrato de trabalho. O n\u00e3o cumprimento destas obriga\u00e7\u00f5es podem ter consequ\u00eancias disciplinares. \u00c0 Administra\u00e7\u00e3o da Pedro Coelho Servi\u00e7os M\u00e9dico Dent\u00e1rios Lda., incumbe zelar pelo cumprimento da regulamenta\u00e7\u00e3o de prote\u00e7\u00e3o de dados, atrav\u00e9s do fornecimento de informa\u00e7\u00e3o a todos os colaboradores da empresa neste dom\u00ednio.<\/p><h3>4. Defini\u00e7\u00f5es<\/h3><p>Dados pessoais \u2013 qualquer informa\u00e7\u00e3o, de qualquer natureza e independentemente do respetivo suporte, incluindo som e imagem, relativamente a uma pessoa singular identificada ou identific\u00e1vel (titular dos dados). \u00c9 considerada identific\u00e1vel a pessoa que possa ser identificada direta ou indiretamente, designadamente por refer\u00eancia a um identificador como um nome, um n\u00famero de identifica\u00e7\u00e3o, dados de localiza\u00e7\u00e3o, um identificador online, ou a um ou mais fatores espec\u00edficos da identidade f\u00edsica, fisiol\u00f3gica, gen\u00e9tica, mental, econ\u00f3mica, cultural, ou social dessa pessoa natural. Titular dos dados \u2013 qualquer pessoa singular identificada ou identific\u00e1vel, cujos dados pessoais s\u00e3o tratados pelo controlador respons\u00e1vel pelo tratamento. Tratamento de dados pessoais \u2013 qualquer opera\u00e7\u00e3o ou conjunto de opera\u00e7\u00f5es que seja executada em dados pessoais ou em conjuntos de dados pessoais (seja ou n\u00e3o por meios automatizados), como a colecta, grava\u00e7\u00e3o, organiza\u00e7\u00e3o, estrutura\u00e7\u00e3o, armazenamento, adapta\u00e7\u00e3o ou altera\u00e7\u00e3o, recupera\u00e7\u00e3o, consulta, uso, divulga\u00e7\u00e3o por transmiss\u00e3o, divulga\u00e7\u00e3o ou disponibiliza\u00e7\u00e3o, alinhamento ou combina\u00e7\u00e3o, restri\u00e7\u00e3o, apagamento, ou destrui\u00e7\u00e3o.<\/p><p>Respons\u00e1vel pelo Tratamento \u2013 pessoa singular ou jur\u00eddica, autoridade p\u00fablica, ag\u00eancia ou outro \u00f3rg\u00e3o que (sozinho ou em conjunto com outros) determina os prop\u00f3sitos e meios de tratamento de dados pessoais. Quando os fins e os meios de tal tratamento s\u00e3o determinados pela legisla\u00e7\u00e3o da Uni\u00e3o ou do EstadoMembro, o controlador ou os crit\u00e9rios espec\u00edficos para a sua nomea\u00e7\u00e3o podem ser indicados pela legisla\u00e7\u00e3o da Uni\u00e3o ou do Estado-Membro.<\/p><p>Subcontratante \u2013 pessoa singular ou jur\u00eddica, autoridade p\u00fablica, ag\u00eancia, ou outro \u00f3rg\u00e3o que trata dados pessoais em nome do controlador.<\/p><p>Destinat\u00e1rio \u2013 pessoa singular ou jur\u00eddica, uma autoridade p\u00fablica, uma ag\u00eancia, ou outro \u00f3rg\u00e3o, \u00e0 qual os dados pessoais s\u00e3o divulgados, seja ela terceiro ou n\u00e3o. No entanto, as autoridades p\u00fablicas que podem receber dados pessoais no \u00e2mbito de um inqu\u00e9rito espec\u00edfico em conformidade com a legisla\u00e7\u00e3o da Uni\u00e3o ou dos Estados-Membros n\u00e3o devem ser consideradas como destinat\u00e1rias; o tratamento desses dados por essas autoridades p\u00fablicas deve estar em conformidade com as regras de protec\u00e7\u00e3o de dados aplic\u00e1veis de acordo com os fins do tratamento.<\/p><p>Terceiro \u2013 pessoa singular ou jur\u00eddica, uma autoridade p\u00fablica, uma ag\u00eancia, ou outro organismo que n\u00e3o o titular dos dados, o controlador, o processador, e as pessoas que, sob a autoridade directa do controlador ou do processador, est\u00e3o autorizadas a tratar dados pessoais.<\/p><p>Consentimento do titular dos dados \u2013 qualquer indica\u00e7\u00e3o livremente dada, espec\u00edfica, informada, e inequ\u00edvoca da vontade do titular dos dados \u2013 por meio de uma declara\u00e7\u00e3o ou por uma ac\u00e7\u00e3o afirmativa clara \u2013 em que expressa acordo sobre o tratamento de dados pessoais relacionados com ele\/ela.<\/p><h3>5. Respons\u00e1vel pelo tratamento de dados pessoais<\/h3><p>O respons\u00e1vel pelo tratamento de dados \u00e9 a Pedro Coelho Servi\u00e7os M\u00e9dico Dent\u00e1rios Lda., sediada em Rua Dr. Jos\u00e9 Cunha, n.\u00ba 27 A, 2780-187 Oeiras, sob o n\u00famero de identifica\u00e7\u00e3o de pessoa coletiva 50676038.<\/p><h3>6. Encarregado da prote\u00e7\u00e3o de dados<\/h3><p>Nos termos da al\u00ednea a) do n.\u00ba 1 do artigo 37.\u00ba do Regulamento Geral sobre a Prote\u00e7\u00e3o de Dados, foi designado um Encarregado da Prote\u00e7\u00e3o de Dados. O mesmo poder\u00e1 ser contactado, via email, para mail@drpedrocoelho.pt. ou para Encarregado da Prote\u00e7\u00e3o de Dados, Rua Dr. Jos\u00e9 Da Cunha n\u00ba27A 2780-187.<\/p><h3>7. Que dados pessoais recolhemos e atrav\u00e9s de que meios<\/h3><p>Os dados pessoais recolhidos pela Pedro Coelho Servi\u00e7os M\u00e9dico Dent\u00e1rios Lda., incluindo os direta ou indiretamente relacionados com a sua sa\u00fade, ser\u00e3o os necess\u00e1rios para a presta\u00e7\u00e3o de cuidados de sa\u00fade, designadamente para a realiza\u00e7\u00e3o de tratamentos m\u00e9dicos e exames complementares de diagn\u00f3stico bem como para a gest\u00e3o dos servi\u00e7os administrativos (agendamento de consultas e\/ou fatura\u00e7\u00e3o).<\/p><p>Os seus dados poder\u00e3o ser recolhidos diretamente, designadamente, quando marca uma consulta\/exame, quando vai a uma consulta\/fazer um exame ou quando nos contacta via telefone, email ou atrav\u00e9s de plataformas digitais.<\/p><p>Neste sentido, as categorias de dados pessoais que tratamos podem incluir, o seu nome, dados de identifica\u00e7\u00e3o e contacto (endere\u00e7o de email, n\u00famero de telefone e endere\u00e7o postal), dados relativos \u00e0 sa\u00fade, dados fiscais (n\u00famero de contribuinte).<\/p><p>Pedro Coelho Servi\u00e7os M\u00e9dico Dent\u00e1rios Lda., preocupa-se com a prote\u00e7\u00e3o dos direitos dos menores, pelo que a recolha de dados pessoais de menores de 16 anos est\u00e1 dependente do consentimento dos respetivos titulares das responsabilidades parentais.<\/p><h3>8. Finalidades do tratamento de dados pessoais<\/h3><p>Os dados pessoais dos Clientes s\u00e3o tratados para a presta\u00e7\u00e3o de cuidados de sa\u00fade.<\/p><p>De forma a podermos prestar os nossos servi\u00e7os, utilizamos as suas informa\u00e7\u00f5es para marcar consultas, marcar exames e diagn\u00f3sticos m\u00e9dicos.<\/p><p>Os dados relativos \u00e0 sua sa\u00fade apenas ser\u00e3o tratados por ou sob a responsabilidade de profissionais obrigados a sigilo profissional na estrita medida do necess\u00e1rio \u00e0 presta\u00e7\u00e3o de cuidados de sa\u00fade, podendo ser comunicados aos seus familiares, apenas nas circunst\u00e2ncias expressamente previstas na Lei em vigor.<\/p><p>Podemos contact\u00e1-lo por carta, email, SMS ou atrav\u00e9s da nossa plataforma, por motivos administrativos ou operacionais, por exemplo, de modo a enviar-lhe a confirma\u00e7\u00e3o das suas marca\u00e7\u00f5es e dos seus pagamentos, para o informar sobre quaisquer altera\u00e7\u00f5es ou imprevistos acerca das suas marca\u00e7\u00f5es.<\/p><p>Tamb\u00e9m vamos utilizar os seus dados pessoais para responder aos seus pedidos, sugest\u00f5es ou contactos, para melhorar os nossos servi\u00e7os e a sua experi\u00eancia enquanto cliente da nossa cl\u00ednica. Assim, como para enviar informa\u00e7\u00f5es institucionais e comunica\u00e7\u00f5es de marketing, caso nos tenha indicado que as deseja receber.<\/p><p>Utilizamos uma diversidade de medidas de seguran\u00e7a, incluindo encripta\u00e7\u00e3o e ferramentas de autentica\u00e7\u00e3o, para ajudar a proteger e manter a seguran\u00e7a, integridade e disponibilidade dos seus dados pessoais.<\/p><h3>9. Comunica\u00e7\u00e3o de dados a terceiros<\/h3><p>A Pedro Coelho Servi\u00e7os M\u00e9dico Dent\u00e1rios Lda., poder\u00e1 comunicar os seus dados a entidades subcontratadas para presta\u00e7\u00e3o de servi\u00e7os, nos termos dos contratos celebrados com as mesmas, ou a entidades terceiras para as finalidades aqui previstas e ainda para:<\/p><ul><li>O cumprimento de uma obriga\u00e7\u00e3o legal, de uma delibera\u00e7\u00e3o da Comiss\u00e3o Nacional de Prote\u00e7\u00e3o de Dados ou de uma ordem judicial;<\/li><li>A comunica\u00e7\u00e3o seja levada a cabo para proteger interesses vitais dos utilizadores ou qualquer outra finalidade leg\u00edtima prevista na lei.<\/li><\/ul><p>Pedro Coelho Servi\u00e7os M\u00e9dico Dent\u00e1rios Lda., assegura que as entidades subcontratantes oferecem garantias suficientes de execu\u00e7\u00e3o de medidas t\u00e9cnicas e organizativas adequadas de forma que o tratamento satisfa\u00e7a os requisitos da lei e assegure a seguran\u00e7a e prote\u00e7\u00e3o dos direitos dos titulares dos dados.<\/p><h3>10. Prazo de conserva\u00e7\u00e3o dos dados pessoais<\/h3><p>Conservamos os seus dados apenas durante o per\u00edodo que for necess\u00e1rio no \u00e2mbito da finalidade para a qual estes foram recolhidos.<\/p><p>No que diz respeito aos dados necess\u00e1rios \u00e0 presta\u00e7\u00e3o do servi\u00e7o, os mesmos ser\u00e3o conservados enquanto se mantiver a rela\u00e7\u00e3o contratual, exceto se por requisitos legais formos obrigados a conservar os dados por um per\u00edodo de tempo superior.<\/p><p>Uma vez atingido o prazo m\u00e1ximo de conserva\u00e7\u00e3o, os seus dados pessoais ser\u00e3o anonimizados de forma irrevers\u00edvel (podendo os dados anonimizados ser conservados) ou ser\u00e3o destru\u00eddos de forma segura.<\/p><h3>11. Direitos dos titulares dos dados<\/h3><p>Tal como o disposto no Regulamento Geral sobre a Prote\u00e7\u00e3o de Dados \u00e9 garantido ao cliente, mediante a verifica\u00e7\u00e3o das condi\u00e7\u00f5es legalmente previstas o direito de acesso, retifica\u00e7\u00e3o, apagamento e portabilidade dos seus dados pessoais, ou limita\u00e7\u00e3o ou oposi\u00e7\u00e3o ao seu tratamento mediante pedido escrito dirigido a Pedro Coelho Servi\u00e7os M\u00e9dico Dent\u00e1rios Lda..<\/p><p>\u00c9-lhe ainda conferido o direito de apresentar uma reclama\u00e7\u00e3o \u00e0 Comiss\u00e3o Nacional de Prote\u00e7\u00e3o de Dados ou a outra entidade de controlo competente, caso entenda que o tratamento dos seus dados pela Pedro Coelho Servi\u00e7os M\u00e9dico Dent\u00e1rios Lda., viola a legisla\u00e7\u00e3o aplic\u00e1vel.<\/p><p>Caso o titular dos dados exer\u00e7a os seus direitos, o respons\u00e1vel pelo tratamento dos dados de Pedro Coelho Servi\u00e7os M\u00e9dico Dent\u00e1rios Lda., fornece ao titular as informa\u00e7\u00f5es sobre as medidas tomadas num prazo de um m\u00eas, a contar da data de rece\u00e7\u00e3o do pedido. Se necess\u00e1rio, o respons\u00e1vel pelo tratamento informar\u00e1 da prorroga\u00e7\u00e3o do prazo bem como os motivos da demora.<\/p><p>Caso pretenda exercer os seus direitos deve dirigir o seu pedido por escrito para o email mail@drpedrocoelho.pt ou para a morada Rua Dr. Jos\u00e9 Cunha, n.\u00ba 27 A, 2780-187 Oeiras.<\/p><h3>12. Prote\u00e7\u00e3o e privacidade de informa\u00e7\u00e3o<\/h3><p>Uma s\u00e9rie de medidas de seguran\u00e7a foram implementadas nas plataformas digitais e servidores para manter a seguran\u00e7a dos seus dados pessoais.<\/p><h3>13. Cookies e outras tecnologias de rastreamento<\/h3><p data-path-to-node=\"5\">Pedro Coelho Servi\u00e7os M\u00e9dico Dent\u00e1rios Lda. utiliza cookies e tecnologias semelhantes (como o Google Tag Manager, Google Analytics e o Pixel da Meta) no seu website para garantir o correto funcionamento da plataforma, melhorar a experi\u00eancia do utilizador, medir convers\u00f5es e analisar o tr\u00e1fego.<\/p><p data-path-to-node=\"6\"><b data-path-to-node=\"6\" data-index-in-node=\"0\">O que s\u00e3o cookies?<\/b> S\u00e3o pequenos ficheiros de texto armazenados no seu dispositivo (computador, tablet ou smartphone) quando visita o nosso website. Estes ficheiros ajudam a plataforma a reconhecer o seu dispositivo e a lembrar as suas prefer\u00eancias para visitas futuras.<\/p><p data-path-to-node=\"7\"><b data-path-to-node=\"7\" data-index-in-node=\"0\">Que tipos de cookies e tecnologias utilizamos?<\/b><\/p><ul data-path-to-node=\"8\"><li><p data-path-to-node=\"8,0,0\"><b data-path-to-node=\"8,0,0\" data-index-in-node=\"0\">Cookies Estritamente Necess\u00e1rios (Essenciais):<\/b> S\u00e3o fundamentais para que o website funcione corretamente e de forma segura. N\u00e3o podem ser desativados nos nossos sistemas, pois sem eles algumas partes do site n\u00e3o funcionariam.<\/p><\/li><li><p data-path-to-node=\"8,1,0\"><b data-path-to-node=\"8,1,0\" data-index-in-node=\"0\">Cookies Anal\u00edticos (Google Analytics 4):<\/b> Permitem-nos medir o tr\u00e1fego, saber que p\u00e1ginas s\u00e3o mais visitadas e analisar como os utilizadores interagem com o site. Isto ajuda-nos a otimizar a velocidade e o conte\u00fado. A informa\u00e7\u00e3o \u00e9 tratada de forma agregada.<\/p><\/li><li><p data-path-to-node=\"8,2,0\"><b data-path-to-node=\"8,2,0\" data-index-in-node=\"0\">Cookies de Marketing e Convers\u00e3o (Meta Pixel \/ Google Ads):<\/b> S\u00e3o utilizados para medir a efic\u00e1cia dos nossos servi\u00e7os e campanhas publicit\u00e1rias, permitindo-nos compreender as a\u00e7\u00f5es realizadas no site (como pedidos de marca\u00e7\u00e3o) e apresentar conte\u00fado relevante noutras plataformas.<\/p><\/li><\/ul><p data-path-to-node=\"9\"><b data-path-to-node=\"9\" data-index-in-node=\"0\">Gest\u00e3o do Consentimento (Google Consent Mode v2)<\/b> O nosso website respeita a sua privacidade e cumpre com as exig\u00eancias da RGPD e da CNPD atrav\u00e9s de um sistema avan\u00e7ado de gest\u00e3o de consentimento. Quando visita a nossa p\u00e1gina, \u00e9-lhe apresentado um painel informativo (Banner de Cookies).<\/p><p data-path-to-node=\"10\">Por defeito, todos os cookies n\u00e3o essenciais (Anal\u00edticos e de Marketing) est\u00e3o <b data-path-to-node=\"10\" data-index-in-node=\"79\">bloqueados<\/b>. Estes scripts apenas s\u00e3o ativados caso nos d\u00ea o seu consentimento expl\u00edcito ao clicar em &#8220;Aceitar Tudo&#8221;. O utilizador tem total controlo e pode optar por rejeitar os cookies n\u00e3o essenciais diretamente atrav\u00e9s dos bot\u00f5es disponibilizados no banner inicial, sem que isso impe\u00e7a a navega\u00e7\u00e3o no website.<\/p><p data-path-to-node=\"11\">Pode, a qualquer momento, apagar os cookies j\u00e1 guardados no seu equipamento atrav\u00e9s das configura\u00e7\u00f5es do seu browser (menu &#8220;Prefer\u00eancias&#8221; ou &#8220;Ferramentas&#8221;).<\/p><h3>14. Informa\u00e7\u00e3o e forma\u00e7\u00e3o<\/h3><p>A Pol\u00edtica de Prote\u00e7\u00e3o de Dados est\u00e1 dispon\u00edvel para consulta na nossa Empresa, bem como no website.<\/p><p>Foi disponibilizada informa\u00e7\u00e3o e forma\u00e7\u00e3o adequadas sobre a Pol\u00edtica de Prote\u00e7\u00e3o de Dados a todos os colaboradores da Empresa.<\/p><h3>15. Altera\u00e7\u00f5es \u00e0 pol\u00edtica de privacidade<\/h3><p>Pedro Coelho Servi\u00e7os M\u00e9dico Dent\u00e1rios Lda., reserva-se ao direito de, a todo o momento e sem aviso pr\u00e9vio e com efeitos imediatos, alterar, acrescentar ou revogar, parcial ou totalmente, a presente Pol\u00edtica de Privacidade e Prote\u00e7\u00e3o de Dados Pessoais. Sempre que existam altera\u00e7\u00f5es ser\u00e1 informado sobre as mesmas.<\/p><h3>16. D\u00favidas<\/h3><p>No caso de d\u00favida sobre direitos de acesso a informa\u00e7\u00e3o, sobre exig\u00eancias espec\u00edficas ou outras que respeitem \u00e0 Pol\u00edtica de Prote\u00e7\u00e3o de Dados, dever\u00e1 contatar o Encarregado da Prote\u00e7\u00e3o de Dados. O mesmo poder\u00e1 ser contactado, via email, para mail@drpedrocoelho.pt ou para Encarregado da Prote\u00e7\u00e3o de Dados, Rua Dr. Jos\u00e9 da Cunha, n\u00ba 27A , 2780-187 Oeiras.<\/p>\t\t\t\t\t\t\t\t<\/div>\n\t\t\t\t\t<\/div>\n\t\t\t\t<\/div>\n\t\t\t\t<\/div>","protected":false},"excerpt":{"rendered":"<p>Pol\u00edtica de privacidade Designa\u00e7\u00e3o: PEDRO COELHO SERVI\u00c7OS M\u00c9DICO- DENT\u00c1RIOS, LDA N\u00ba REGISTO DO ESTABELECIMENTO: E122937 \u00a0 Pol\u00edtica de privacidade 1. Introdu\u00e7\u00e3o Pedro Coelho Servi\u00e7os M\u00e9dico Dent\u00e1rios Lda., no \u00e2mbito da sua atividade dever\u00e1 ter sempre presente as disposi\u00e7\u00f5es legais em vigor em territ\u00f3rio Portugu\u00eas, nas quais assenta a Pol\u00edtica de Prote\u00e7\u00e3o de Dados. A Pol\u00edtica [&hellip;]<\/p>\n","protected":false},"author":1,"featured_media":0,"parent":0,"menu_order":0,"comment_status":"closed","ping_status":"closed","template":"elementor_header_footer","meta":{"footnotes":""},"class_list":["post-85","page","type-page","status-publish","hentry"],"_links":{"self":[{"href":"https:\/\/drpedrocoelho.ewards.makesyoursite.com\/en\/wp-json\/wp\/v2\/pages\/85","targetHints":{"allow":["GET"]}}],"collection":[{"href":"https:\/\/drpedrocoelho.ewards.makesyoursite.com\/en\/wp-json\/wp\/v2\/pages"}],"about":[{"href":"https:\/\/drpedrocoelho.ewards.makesyoursite.com\/en\/wp-json\/wp\/v2\/types\/page"}],"author":[{"embeddable":true,"href":"https:\/\/drpedrocoelho.ewards.makesyoursite.com\/en\/wp-json\/wp\/v2\/users\/1"}],"replies":[{"embeddable":true,"href":"https:\/\/drpedrocoelho.ewards.makesyoursite.com\/en\/wp-json\/wp\/v2\/comments?post=85"}],"version-history":[{"count":13,"href":"https:\/\/drpedrocoelho.ewards.makesyoursite.com\/en\/wp-json\/wp\/v2\/pages\/85\/revisions"}],"predecessor-version":[{"id":5086,"href":"https:\/\/drpedrocoelho.ewards.makesyoursite.com\/en\/wp-json\/wp\/v2\/pages\/85\/revisions\/5086"}],"wp:attachment":[{"href":"https:\/\/drpedrocoelho.ewards.makesyoursite.com\/en\/wp-json\/wp\/v2\/media?parent=85"}],"curies":[{"name":"wp","href":"https:\/\/api.w.org\/{rel}","templated":true}]}}